{"id":7625,"date":"2019-02-09T10:30:54","date_gmt":"2019-02-09T10:30:54","guid":{"rendered":"http:\/\/lafoodwine.com\/privacy-policy\/"},"modified":"2022-02-16T18:52:10","modified_gmt":"2022-02-16T16:52:10","slug":"privacy-policy","status":"publish","type":"page","link":"https:\/\/lafoodwine.com\/en\/privacy-policy\/","title":{"rendered":"Privacy policy"},"content":{"rendered":"<div class=\"wpb-content-wrapper\"><p>[vc_row css=&#8221;.vc_custom_1594306570208{margin-top: 50px !important;}&#8221;][vc_column]<div class=\"edgtf-section-title-holder edgtf-sth-align-left\">\n\t\t\t\t<span class=\"edgtf-section-title\" style=\"font-size: 30px\">\n\t\t\tInformativa sulla privacy\t\t<\/span>\n\t\t\t\t<span class=\"edgtf-section-border\" ><\/span>\n\t<\/div>[vc_column_text css=&#8221;.vc_custom_1645030324681{padding-top: 20px !important;}&#8221;]<strong><em>LAFOOD GROUP S.R.L. a socio unico <\/em><\/strong>informa i visitatori del proprio sito web <em>www.lafoodwine.it<\/em> e www.lafoodwine.com di provvedere alla tutela dei dati personali nel rispetto ed in conformit\u00e0 alle vigenti norme in materia di protezione dei dati personali statuite nel Regolamento Europeo 2016\/ 679 (in armonia ed integrazione con il previgente D.Lgs.n.196\/2003).<\/p>\n<p>La direttiva n. 95\/46\/CE \u00e8 stata superata e sostituita, ci\u00f2 dovuto, alla continua evoluzione del concetto stesso di privacy e di protezione dei dati personali. Il legislatore, in ragione del mutare del contesto sociale, nei rapporti del cittadino con lo sviluppo dei servizi digitali, nel sistema delle responsabilit\u00e0 e nell\u2019implementazione di misure di sicurezza a protezione dei dati personali ha approvato il Regolamento UE in vigore dal 24 maggio 2016, ma a far data dal 25 maggio 2018 entrer\u00e0 in vigore a tutti gli effetti.<\/p>\n<p>La presente informativa \u00e8 resa ai sensi degli <u>artt. 13 e ss. del Regolamento UE 2016\/ 679 <\/u>&#8211; Codice in materia di protezione dei dati personali a coloro che interagiscono con il sito <em>www.lafoodbeer.it\u00a0e www.lafoodbeer.com\u00a0<\/em> corrispondente alla pagina iniziale del detto sito. Si precisa inoltre che, tale informativa \u00e8 valida solo per il sito <em>www.lafoodbeer.it<\/em> e www.lafoodbeer.com e non anche per altri siti web eventualmente consultati dall\u2019utente tramite link.<\/p>\n<p>Pertanto, oltre ai requisiti minimi per la raccolta di dati personali <em>on-line<\/em>, nonch\u00e8, le modalit\u00e0, i tempi e la natura delle informazioni che i titolari del trattamento devono fornire agli utenti quando questi si collegano a pagine web, indipendentemente dagli scopi del collegamento; l\u2019informativa stessa si pone di descrivere le modalit\u00e0 di gestione del sito in riferimento al trattamento dei dati personali degli utenti che lo consultano, per cui obiettivo principale \u00e8 salvaguardare il diritto fondamentale alla protezione dei dati personali della persona fisica e garantire la libera circolazione di questi dati tra gli Stati membri dell\u2019Unione Europea. Tutto ci\u00f2, si \u00e8 reso necessario al fine di instaurare un quadro giuridico pi\u00f9 solido e coerente in materia di protezione dei dati nell\u2019Unione che, affiancato da efficaci misure di attuazione, consentir\u00e0 lo sviluppo dell\u2019economia digitale nel mercato interno, garantir\u00e0 alle persone fisiche il controllo dei loro dati personali e rafforzer\u00e0 la certezza giuridica e operativa per i soggetti economici e le autorit\u00e0 pubbliche.<\/p>\n<p><strong><u>Il \u201cTitolare\u201d e \u201cResponsabile\u201d del trattamento<\/u><\/strong><br \/>\nA seguito della consultazione di questo sito possono essere trattati dati relativi a persone identificate o identificabili. Il titolare del loro trattamento, nonch\u00e9 responsabile \u00e8<\/p>\n<p><strong>LAFOOD GROUP S.R.L. a socio unico in persona dell\u2019amministratore COFANO Maria, <\/strong>C.F.: CFNMRA86T53F376F, con sede legale in Via Della Meccanica, n\u00b015 -72015 Fasano (BR), Italia, P.IVA 04489620262, email: info@lafood.it; PEC: lafoodgroupsrl@pec.it, tel. +39 080 4391346 o +39 0438 1736077.<\/p>\n<p>Altres\u00ec, i trattamenti connessi ai servizi del sito web sono curati solo da personale incaricato del trattamento, oppure da eventuali incaricati per operazioni di manutenzione dal suindicato titolare, nonch\u00e9 responsabile scelti.<\/p>\n<p>Alla luce del nuovo Regolamento il responsabile del trattamento adotta misure adeguate per fornire all\u2019interessato tutte le informazioni necessarie e le comunicazioni relative al trattamento dei dati personali in forma concisa, trasparente, intelligibile e facilmente accessibile, con un linguaggio semplice e chiaro, in particolare nel caso di informazioni destinate specificamente ai minori. Le informazioni sono fornite per iscritto o con altri mezzi, se del caso in formato elettronico. Se richiesto dall\u2019interessato, le informazioni possono essere fornite oralmente, purch\u00e9 sia comprovata con altri mezzi l\u2019identit\u00e0 dell\u2019interessato.<\/p>\n<p>I dati derivanti dal servizio web potranno essere comunicati ai partner tecnologici e strumentali di cui il Titolare si avvale per l\u2019erogazione dei servizi richiesti dagli utenti visitatori.<br \/>\nI dati personali forniti dagli utenti visitatori che inoltrano richieste di invio di materiale informativo (richieste di informazioni, risposte a quesiti, ecc.) o altre comunicazioni sono utilizzati al solo fine di eseguire il servizio o la prestazione richiesta e sono comunicati a terzi nel solo caso in cui ci\u00f2 sia a tal fine necessario (erogazione dei servizi richiesti per il tramite del partner tecnologico e strumentale).<\/p>\n<p><strong><u>L\u2019incaricato del trattamento<\/u><\/strong><br \/>\nIn alcune circostanze per lo pi\u00f9 tecniche, il responsabile del trattamento ha necessit\u00e0 di consultare una figura pi\u00f9 esperta di s\u00e9, in tal caso deve avvalersi della figura di \u201cpersone autorizzate al trattamento dei dati personali sotto l\u2019autorit\u00e0 diretta del titolare o del responsabile stesso\u201d; in questo caso tale figura di esperto designato \u00e8 quella che la precedente normativa inquadrava nella figura dell\u2019incaricato del trattamento e che il Regolamento non ne esclude la presenza.<\/p>\n<p>L\u2019incaricato \u00e8 definito come chiunque compie operazioni di trattamento. Possono essere individuati come incaricati solo le persone fisiche e non anche le persone giuridiche. <u>http:\/\/www.garanteprivacy.it\/web\/guest\/home\/docweb\/-\/docweb-display\/docweb\/1507921<\/u><\/p>\n<p>L\u2019art. 30 del Codice chiarisce, confermando che, alla designazione espressa e specifica degli incaricati &#8211; da effettuarsi in ogni caso per iscritto e con riguardo a specifiche mansioni &#8211; \u00e8 \u201cequiparata\u201d la preposizione della persona fisica ad una unit\u00e0 organizzativa per la quale sia individuato per iscritto l\u2019ambito del trattamento consentito agli addetti ivi preposti.<\/p>\n<p>Il Regolamento pone a carico dell\u2019incaricato, ma anche del responsabile del trattamento l\u2019obbligo di conservazione della documentazione di tutti i trattamenti effettuati sotto la propria responsabilit\u00e0. Conservazione che se riferita a documenti informatici ovviamente implica necessarie competenze inerenti la conservazione sostitutiva.<\/p>\n<p><strong><u>Il responsabile della protezione dei dati (c.d. data protection officer)<\/u><\/strong><br \/>\nA partire dal 25 maggio 2018, la figura del responsabile della protezione dei dati (<em>data protection officer<\/em>) \u00e8 obbligatoria ogni qual volta si verifica una delle condizioni previste dall\u2019art. 37 del Regolamento, ovvero:<\/p>\n<ol>\n<li style=\"list-style-type: none;\">\n<ol>\n<li><em>il trattamento \u00e8 effettuato da un\u2019autorit\u00e0 pubblica o da un organismo pubblico, eccettuate le autorit\u00e0 giurisdizionali quando esercitano le loro funzioni giurisdizionali, oppure <\/em><\/li>\n<li><em>le attivit\u00e0 principali del responsabile del trattamento o dell\u2019incaricato del trattamento consistono in trattamenti che, per loro natura, campo di applicazione e\/o finalit\u00e0, richiedono il controllo regolare e sistematico degli interessati su larga scala, oppure <\/em><\/li>\n<li><em>le attivit\u00e0 principali del responsabile del trattamento o dell\u2019incaricato del trattamento consistono nel trattamento, su larga scala, di categorie particolari di dati di cui all\u2019articolo 9 o di dati relativi a condanne penali e a reati di cui all\u2019articolo 10. <\/em><\/li>\n<\/ol>\n<\/li>\n<\/ol>\n<p>Pertanto, nel caso in questione la <strong><em>LAFOOD GROUP S.R.L.<\/em>\u00a0 <em>a socio unico <\/em><\/strong>in base all\u2019attivit\u00e0 principale espletata e al trattamento dei dati non \u00e8 tenuta alla nomina del RPD.<\/p>\n<p>Per ulteriori informazioni si rimanda alla scheda informativa presente al seguente link: <a href=\"http:\/\/www.garanteprivacy.it\/rpd\">http:\/\/www.garanteprivacy.it\/rpd<\/a>.<\/p>\n<p><strong><u>Autorit\u00e0 di controllo<\/u><\/strong><br \/>\nAl fine di tutelare e garantire il trattamento dei dati personali, nonch\u00e9 di agevolare la libera circolazione all\u2019interno dell\u2019Unione Europea, il Regolamento ha previsto che ciascuno Stato membro deve disporre di una o pi\u00f9 autorit\u00e0 pubbliche indipendenti, con il compito di sorvegliare l\u2019esatta applicazione del Regolamento stesso. Il Italia tale mansione \u00e8 affidata al <strong>Garante per la protezione dei dati<\/strong>. A far data dal 25 maggio 2018, tutti i titolari, e non soltanto i fornitori di servizi di comunicazione elettronica accessibili al pubblico, devono notificare all\u2019Autorit\u00e0 di controllo le violazioni di dati personali di cui vengano a conoscenza, entro 72 ore e comunque \u201csenza ingiustificato ritardo\u201d, ma soltanto se ritengono probabile che da tale violazione derivino rischi per i diritti e le libert\u00e0 degli interessati.<\/p>\n<p>Per quanto riguarda la proposizione del reclamo l\u2019interessato ha diritto, se ritiene di essere stato leso nella sfera dei propri dati personali, di proporre reclamo all\u2019autorit\u00e0 di controllo dello stato di residenza.<\/p>\n<p><strong><u>Finalit\u00e0 del trattamento<\/u><\/strong><br \/>\nIl trattamento dei dati verr\u00e0 effettuato per permettere la fornitura dei servizi richiesti, per cui la comunicazione dei dati personali rappresenta un requisito necessario per la conclusione del contratto, per cui la mancata fornitura implica l\u2019impossibilit\u00e0 di poter fornire il servizio.<\/p>\n<p>Ove necessario i dati potranno essere comunicati anche a terzi. I dati ottenuti tramite autenticazione con sistemi di terzi si intendono conferiti a questo sito tramite l\u2019esplicita accettazione del servizio di autenticazione (o-auth).<\/p>\n<p>Il trattamento dei dati personali da Lei forniti nonch\u00e9 di quelli desunti dalla navigazione nel sito <em>www.lafoodbeer.it<\/em> e www.lafoodbeer.com (di seguito il Sito) \u00e8 diretto al raggiungimento delle seguenti finalit\u00e0:<br \/>\na) consentire l\u2019accesso e la navigazione nel Sito nonch\u00e9 per elaborare statistiche anonime sull\u2019uso del Sito, per controllare il corretto funzionamento dello stesso e per l\u2019accertamento di eventuali responsabilit\u00e0 in caso di illeciti commessi durante la navigazione;<br \/>\nb) fornire il servizio di registrazione nel Sito e consentire l\u2019esecuzione di pagamenti on line;<br \/>\nc) fornire i servizi offerti dalla Societ\u00e0, tra i quali per es. la raccolta dei tuoi commenti e la risposta ad essi;<br \/>\nd) per esigenze preliminari alla stipula dei contratti di vendita, per dare esecuzione agli stessi nonch\u00e9 per tutelare le posizioni creditorie da essi derivanti;<br \/>\ne) monitorare l\u2019andamento delle relazioni con la clientela e\/o dei rischi connessi;<br \/>\nf) per esigenze di natura operativa, gestionale, amministrativa e contabile, ivi compresa l\u2019eventuale trasmissione per posta elettronica di fatture commerciali, ed in genere per adempiere agli obblighi previsti da disposizioni di legge e\/o regolamentari, in particolare in materia fiscale; tali esigenze potrebbero essere espletate tramite l\u2019invio di posta elettronica, SMS o MMS<br \/>\ng) attivit\u00e0 di marketing, informazioni commerciali ed attivit\u00e0 promozionali, ivi compreso l\u2019invio di newsletter e materiale pubblicitario tramite l\u2019invio di posta elettronica, SMS o MMS, anche per gli auguri delle festivit\u00e0, nonch\u00e9 per la definizione del profilo commerciale ai fini dell\u2019utilizzo dello stesso per le predette attivit\u00e0.<\/p>\n<p>Infine, i vostri dati verranno trattati per le finalit\u00e0 previste dalla vigente normativa in materia di antiriciclaggio (D.lgs. 231\/2007 e successive modifiche).<\/p>\n<p><strong><u>Luogo di trattamento dei dati<\/u><\/strong><br \/>\nI trattamenti connessi all\u2019uso di questo sito hanno luogo presso la predetta sede legale del Titolare del trattamento, nonch\u00e9 presso le altre sedi presenti in Italia ed anche in Sud America e Australia. I dati possono essere trattati sia dal personale preposto alla gestione della <em>LA FOOD GROUP S.R.L.<\/em> che cura la manutenzione della parte tecnologica del sito, nonch\u00e9 da eventuali incaricati per operazioni di manutenzione.<\/p>\n<p><strong><u>Modalit\u00e0 del trattamento<\/u><\/strong><br \/>\nI dati personali sono trattati con strumenti per il tempo strettamente necessario a conseguire gli scopi per cui sono stati raccolti. Specifiche misure di sicurezza sono osservate per prevenire la perdita dei dati, usi illeciti o non corretti ed accessi non autorizzati.<\/p>\n<p>In ogni caso, vige l\u2019obbligo di garantire che il periodo di conservazione dei dati sia limitato al minimo necessario.<\/p>\n<p>Il trattamento dei Suoi dati personali \u00e8 realizzato per mezzo delle operazioni indicate all\u2019art. 4 Codice Privacy e all\u2019art. 4 n. 2) GDPR e precisamente: raccolta, registrazione, organizzazione, conservazione, consultazione, elaborazione, modificazione, selezione, estrazione, raffronto, utilizzo, interconnessione, blocco, comunicazione, cancellazione e distruzione dei dati. I Suoi dati personali sono sottoposti a trattamento sia cartaceo che elettronico e\/o automatizzato.<\/p>\n<p>Il Titolare tratter\u00e0 i dati personali per il tempo necessario per adempiere alle finalit\u00e0 di cui sopra e comunque per non oltre 10 anni dalla cessazione del rapporto per le Finalit\u00e0 di Servizio e per non oltre 2 anni dalla raccolta dei dati per le Finalit\u00e0 di Marketing.<\/p>\n<p><strong><u>Tipi di dati trattati<\/u><\/strong><br \/>\n<strong>Dati di navigazione. <\/strong>I sistemi informatici e le procedure software preposte al funzionamento di questo sito web acquisiscono, nel corso del loro normale esercizio, alcuni dati personali la cui trasmissione \u00e8 implicita nell\u2019uso dei protocolli di comunicazione di Internet.<\/p>\n<p>Si tratta di informazioni che non sono raccolte per essere associate a interessati identificati, ma che per loro stessa natura potrebbero, attraverso elaborazioni ed associazioni con dati detenuti da terzi, permettere di identificare gli utenti.<\/p>\n<p>Questi dati vengono utilizzati al solo fine di ricavare informazioni statistiche anonime sull\u2019uso del sito. I dati potrebbero essere utilizzati per l\u2019accertamento di responsabilit\u00e0 in caso di ipotetici reati informatici ai danni del sito.<\/p>\n<p><strong>Dati forniti volontariamente dall\u2019utente. <\/strong>L\u2019invio facoltativo, esplicito e volontario di posta elettronica agli indirizzi eventualmente indicati su questo sito comporta la successiva acquisizione dell\u2019indirizzo del mittente, necessario per rispondere alle richieste, nonch\u00e9 degli eventuali altri dati personali inseriti nella missiva.<\/p>\n<p><strong>Cookies. <\/strong><em>www.lafoodbeer.it<\/em>\u00a0 e www.lafoodbeer.com\u00a0 e fornitori di terze parti, tra cui Google e Facebook, potrebbero utilizzare sia cookie proprietari, sia cookie di terze parti per determinare la correlazione tra le visite al sito web e le impressioni degli annunci, gli altri utilizzi dei servizi pubblicitari e le interazioni con tali impressioni e servizi pubblicitari. I dati potrebbero essere utilizzati per l\u2019accertamento di responsabilit\u00e0 e provvedimenti in caso di ipotetici reati informatici o presunti tentativi di sabotaggio ai danni del sito. L\u2019informativa estesa riguardante l\u2019uso dei cookie in questo sito \u00e8 raggiungibile a questo indirizzo: <a href=\"http:\/\/lafoodwine.com\/cookie-policy\/\">http:\/\/lafoodwine.com\/cookie-policy<\/a>.<\/p>\n<p><strong><u>Facoltativit\u00e0 del conferimento dei dati<\/u><\/strong><br \/>\nA parte quanto specificato per i dati di navigazione ed eventualmente per i cookies, l\u2019utente \u00e8 libero di fornire i dati personali o non personali richiesti. Il loro mancato conferimento pu\u00f2 comportare l\u2019impossibilit\u00e0 di ottenere quanto richiesto.<\/p>\n<p>In caso avesse necessit\u00e0 di assistenza in merito ai nostri prodotti e\/o servizi o all\u2019utilizzo del sito web, Le verr\u00e0 richiesto di compilare un apposito \u201cform on-line\u201d e di fornire <strong>obbligatoriamente i seguenti dati personali<\/strong>: <u>Nome e Cognome, Indirizzo E-mail e Messaggio di Richiesta.<\/u><\/p>\n<p>Tali dati saranno utilizzati esclusivamente per fornirle i servizi di assistenza e supporto tecnico richiesti.<\/p>\n<p>Nel caso Lei abbia conferito esplicito e libero consenso, durante il processo di registrazione, di richiesta assistenza o durante l\u2019utilizzo dei nostri servizi, i suddetti dati personali potranno essere trattati anche per le seguenti ulteriori finalit\u00e0: invio di Newsletter e avvisi commerciali, attivit\u00e0 di marketing tradizionale come ad es. invio di brochure, cataloghi e\/o tecnica con posta ordinaria cartacea e telefonate con operatore, ed ancora attivit\u00e0 di marketing con strumenti automatizzati o assimilati quali: Fax, E-mail, SMS, MMS, Istant Messaging, Chat e telefonate senza operatore. Inoltre, attivit\u00e0 di marketing on-line, web marketing e web advertising. Ricerche di mercato e attivit\u00e0 di profilazione commerciale e infine, comunicazione a soggetti terzi. Il conferimento dei dati personali raccolti per le finalit\u00e0 sopraindicate \u00e8 facoltativo.<\/p>\n<p><strong><u>Trasferimento dei dati<\/u><\/strong><br \/>\nIl Titolare del trattamento non trasferisce i dati personali in paesi terzi o a organizzazioni internazionali.<\/p>\n<p><strong><u>Diritti degli interessati, accesso e portabilit\u00e0<\/u><\/strong><br \/>\nI soggetti cui si riferiscono i dati personali sono denominati interessati. Quest\u2019ultimi hanno il diritto in qualunque momento di ottenere:<\/p>\n<p>&#8211; il diritto di accedere ai dati personali raccolti che li riguardano e di esercitare tale diritto facilmente e a intervalli ragionevoli, per essere consapevoli del trattamento e verificarne la liceit\u00e0;<\/p>\n<p>&#8211; la conferma dell\u2019esistenza o meno dei medesimi dati e di conoscerne il contenuto e l\u2019origine, le finalit\u00e0 per cui sono stati raccolti;<\/p>\n<p>&#8211; i destinatari o le categorie di destinatari a cui i dati personali sono stati o saranno comunicati, in particolare se destinatari di paesi terzi o organizzazioni internazionali;<\/p>\n<p>-se qualora i dati non siano raccolti presso l\u2019interessato, tutte le informazioni disponibili sulla loro origine;<\/p>\n<p>-nonch\u00e9 la portabilit\u00e0, tale diritto consiste nella possibilit\u00e0 dell\u2019interessato di \u201cavere in mano il pacchetto dei propri dati\u201d e anche di ottenere il trasferimento del pacchetto da un soggetto (titolare del trattamento) a un altro.<\/p>\n<p>Ed inoltre, la durata di conservazione e di verificarne l\u2019esattezza o chiederne l\u2019integrazione o l\u2019aggiornamento, oppure la rettificazione. Ancora, si ha il diritto di chiedere la cancellazione, la trasformazione in forma anonima o il blocco dei dati trattati in violazione di legge, nonch\u00e9 di opporsi in ogni caso, per motivi legittimi, al loro trattamento.<\/p>\n<p>Le richieste vanno inoltrate:<br \/>\nall\u2019indirizzo <strong>e-mail:<\/strong> <strong>info@lafood.it, <\/strong>oppure a mezzo <strong>PEC: <\/strong>lafoodgroupsrl@pec.it<strong>, <\/strong>oppure tramite una comunicazione scritta a mezzo Raccomandata a\/r: alla <strong>LAFOOD GROUP S.R.L. a socio unico, in persona dell\u2019amministratore COFANO Maria, <\/strong>C.F.: CFNMRA86T53F376F, con sede legale in Via Della Meccanica, n\u00b015 -72015 Fasano (BR), Italia, P.IVA 04489620262.<\/p>\n<p>Il titolare si assume l\u2019onere di dare una risposta al reclamo presentato dall\u2019interessato entro 1 (uno) mese dalla richiesta, anche in caso di diniego. Termine prorogato fino a 3 (tre) mesi in casi di particolare complessit\u00e0.<\/p>\n<p>L\u2019interessato dichiara di aver letto l\u2019informativa, sopra riportata, con la comunicazione dei dati personali liberamente conferiti o in altro modo raccolti nel corso della navigazione, effettuato sempre nel rispetto della privacy in vigore; presta il suo consenso al trattamento, e pertanto,<strong>\u00a0\u201cspuntando\u201d <\/strong>nella apposita casella<strong> accetta espressamente<\/strong>\u00a0la registrazione ed il trattamento dei propri dati che sar\u00e0 improntato ai principi di correttezza, liceit\u00e0 e trasparenza, nelle modalit\u00e0 sopra indicate.<\/p>\n<p>Particolari condizioni sono dettate dal Regolamento UE 679\/ 2016 nell\u2019interesse dei minori all\u2019art.8, il quale chiarisce che il trattamento di dati personali di minori al di sotto dei 16 anni &#8211; o, se previsto dal diritto degli Stati membri, di un\u2019et\u00e0 inferiore ma non al di sotto di 13 anni &#8211; \u00e8 lecito soltanto se e nella misura in cui tale consenso \u00e8 espresso o autorizzato dal titolare della responsabilit\u00e0 genitoriale sul minore. Per cui comportamenti assunti dai minori senza l\u2019autorizzazione di chi \u00e8 tenuto a sorvegliarlo sotto la sua responsabilit\u00e0, genitori in primis, sono contrari alle disposizioni e non pu\u00f2 ritenersi il titolare del trattamento responsabile per aver il minore violato la legge, aggirando le disposizioni in vigore.<\/p>\n<p>&nbsp;<\/p>\n<p>Il Titolare del Trattamento si riserva il diritto di apportare modifiche alla presente informativa sulla privacy in qualunque momento dandone pubblicit\u00e0 agli Utenti su questa pagina e comunicando tempestivamente e con mezzi idonei, qualora vi siano finalit\u00e0 ulteriori, per cui prima di procedere al trattamento dei dati dell\u2019interessato il titolare richieder\u00e0 la manifestazione del relativo consenso. Si invitano gli interessati a consultarla, ogni qualvolta hanno necessit\u00e0 di interagire con il sito stesso, prendendo come riferimento la data di ultima modifica indicata in calce alla presente.<\/p>\n<p>Ultima modifica del 16\/02\/2022[\/vc_column_text][\/vc_column][\/vc_row]<\/p>\n<\/div>","protected":false},"excerpt":{"rendered":"<p>[vc_row css=&#8221;.vc_custom_1594306570208{margin-top: 50px !important;}&#8221;][vc_column][vc_column_text css=&#8221;.vc_custom_1645030324681{padding-top: 20px !important;}&#8221;]LAFOOD GROUP S.R.L. a socio unico informa i visitatori del proprio sito web www.lafoodwine.it e www.lafoodwine.com di provvedere alla tutela dei dati personali nel rispetto ed in conformit\u00e0 alle vigenti norme in materia di protezione dei dati personali statuite&#8230;<\/p>\n","protected":false},"author":1,"featured_media":0,"parent":0,"menu_order":0,"comment_status":"closed","ping_status":"closed","template":"","meta":{"footnotes":""},"_links":{"self":[{"href":"https:\/\/lafoodwine.com\/en\/wp-json\/wp\/v2\/pages\/7625"}],"collection":[{"href":"https:\/\/lafoodwine.com\/en\/wp-json\/wp\/v2\/pages"}],"about":[{"href":"https:\/\/lafoodwine.com\/en\/wp-json\/wp\/v2\/types\/page"}],"author":[{"embeddable":true,"href":"https:\/\/lafoodwine.com\/en\/wp-json\/wp\/v2\/users\/1"}],"replies":[{"embeddable":true,"href":"https:\/\/lafoodwine.com\/en\/wp-json\/wp\/v2\/comments?post=7625"}],"version-history":[{"count":0,"href":"https:\/\/lafoodwine.com\/en\/wp-json\/wp\/v2\/pages\/7625\/revisions"}],"wp:attachment":[{"href":"https:\/\/lafoodwine.com\/en\/wp-json\/wp\/v2\/media?parent=7625"}],"curies":[{"name":"wp","href":"https:\/\/api.w.org\/{rel}","templated":true}]}}