{"id":7627,"date":"2019-02-09T10:37:35","date_gmt":"2019-02-09T10:37:35","guid":{"rendered":"http:\/\/lafoodwine.com\/cookie-policy\/"},"modified":"2022-02-16T18:50:46","modified_gmt":"2022-02-16T16:50:46","slug":"cookie-policy","status":"publish","type":"page","link":"https:\/\/lafoodwine.com\/en\/cookie-policy\/","title":{"rendered":"Cookie policy"},"content":{"rendered":"<div class=\"wpb-content-wrapper\"><p>[vc_row css=&#8221;.vc_custom_1594306787601{margin-top: 50px !important;}&#8221;][vc_column]<div class=\"edgtf-section-title-holder edgtf-sth-align-left\">\n\t\t\t\t<span class=\"edgtf-section-title\" style=\"font-size: 30px\">\n\t\t\tInformativa sull&#039;utilizzo di cookie\t\t<\/span>\n\t\t\t\t<span class=\"edgtf-section-border\" ><\/span>\n\t<\/div>[vc_column_text css=&#8221;.vc_custom_1645030244233{padding-top: 20px !important;}&#8221;]<strong><u>Titolare e responsabile del trattamento<\/u><\/strong><\/p>\n<p>In osservanza di quanto statuito dal Reg. UE 2016\/ 679, dal precedente D.lgs. 30 giugno 2003 n.196 (artt.13 e 122), nonch\u00e9 da quanto previsto dal Provvedimento generale del Garante privacy dell\u20198 maggio 2014, la<strong> LAFOOD GROUP S.R.L. a socio unico in persona dell\u2019amministratore COFANO Maria, <\/strong>C.F.: CFNMRA86T53F376F, con sede legale in Via Della Meccanica, n\u00b015 -72015 Fasano (BR), Italia, P.IVA 04489620262, email: info@lafood.it; PEC: lafoodgroupsrl@pec.it, tel. +39 080 4391346 oppure\u00a0 +39 0438 1736077, titolare e responsabile del trattamento, informa gli utenti del sito web <em>lafoodwine.it e\/o lafoodwine.com <\/em>della tipologia di cookie dagli stessi utilizzati e delle finalit\u00e0 perseguite con le informazioni acquisite, fornendo altres\u00ec le indicazioni per procedere alla selezione\/deselezione dei singoli cookie.<\/p>\n<p>Si precisa inoltre che, <em>LAFOOD GROUP S.R.L. a socio unico <\/em>e <em>lafoodwine.it e\/o lafoodwine.com <\/em>in questa informativa identificano la stessa cosa.<\/p>\n<p><strong><u>Modalit\u00e0 del trattamento<\/u><\/strong><\/p>\n<p>Il trattamento dei dati \u00e8 eseguito attraverso supporti informatici e telematici ad opera di soggetti interni appositamente incaricati. I dati sono conservati in archivi elettronici e con piena assicurazione delle misure di sicurezza minime previste dal legislatore.<\/p>\n<p><strong><u>Comunicazione e diffusione Paesi Terzi e\/o Organizzazioni Internazionali<\/u><\/strong><\/p>\n<p>I dati raccolti non saranno oggetto di divulgazione e di diffusione. La comunicazione a terzi, diversi dal Titolare, dai responsabili, interni ma anche esterni alla struttura, e dagli incaricati al trattamento individuati e nominati \u00e8 prevista ove necessario, a soggetti terzi (quali societ\u00e0 di fornitura e assistenza informatica che garantiscono il corretto funzionamento del portale) impegnate nel corretto e regolare perseguimento delle finalit\u00e0 descritte. In ogni caso, il trattamento da parte di soggetti terzi avverr\u00e0 secondo correttezza e nel rispetto delle disposizioni di legge vigenti.<\/p>\n<p><strong><u>Diritti<\/u><u> dell\u2019interessato<\/u><\/strong><\/p>\n<p>L\u2019interessato potr\u00e0 far valere i propri diritti come espressi dagli artt. 16, 17, 17 bis, 19, del Reg. UE 2016\/679 rivolgendosi al titolare del trattamento. In particolare, l\u2019interessato potr\u00e0 ottenere la conferma dell\u2019esistenza o meno dei dati personali che lo riguardano, anche se non ancora registrati, e la loro comunicazione in forma intelligibile. L\u2019interessato ha diritto di ottenere l\u2019indicazione: a) dell\u2019origine dei dati personali; b) delle finalit\u00e0 e modalit\u00e0 del trattamento; c) della logica applicata in caso di trattamento effettuato con l\u2019ausilio di strumenti elettronici; d) degli estremi identificativi del titolare, del responsabile e del rappresentante designato, qualora nominato; e) dei soggetti o delle categorie di soggetti ai quali i dati personali possono essere comunicati o che possono venirne a conoscenza in qualit\u00e0 di rappresentante designato nel territorio dello Stato, di responsabili o incaricati. L\u2019interessato ha diritto di ottenere: a) l\u2019aggiornamento, la rettificazione ovvero, quando vi ha interesse, l\u2019integrazione dei dati; b) la cancellazione, la trasformazione in forma anonima o il blocco dei dati trattati in violazione di legge, compresi quelli di cui non \u00e8 necessaria la conservazione in relazione agli scopi per i quali i dati sono stati raccolti o successivamente trattati; c) l\u2019attestazione che le operazioni di cui alle lettere a) e b) sono state portate a conoscenza, anche per quanto riguarda il loro contenuto, di coloro ai quali i dati sono stati comunicati o diffusi, eccettuato il caso in cui tale adempimento si rivela impossibile o comporta un impiego di mezzi manifestamente sproporzionato rispetto al diritto tutelato. L\u2019interessato ha diritto di opporsi, in tutto o in parte: a) per motivi legittimi al trattamento dei dati personali che lo riguardano, ancorch\u00e9 pertinenti allo scopo della raccolta; b) al trattamento di dati personali che lo riguardano a fini di invio di materiale pubblicitario o di vendita diretta o per il compimento di ricerche di mercato o di comunicazione commerciale.<\/p>\n<p>L\u2019art. 19 attribuisce per\u00f2 a tale diritto una rilevanza autonoma sancendo che l\u2019interessato ha il diritto di opporsi in qualsiasi momento, per motivi connessi alla sua situazione particolare, al trattamento dei dati personali che lo riguardano ai sensi dell\u2019articolo 6, paragrafo 1, lettere e) o f), compresa la profilazione sulla base di tali disposizioni.<\/p>\n<p><strong><u>Informazioni sui cookie<\/u><\/strong><\/p>\n<p>In linea con le pratiche standard di molti siti internet, <em>lafoodwine.it e\/o lafoodwine.com<\/em> potrebbe installare sul computer utilizzato dall\u2019utente ed accedere a cookie, web beacon, Flash cookie ed altre tecnologie.<\/p>\n<p>Utilizzando <em>lafoodwine.it e\/o lafoodwine.com<\/em>, l\u2019utente accetta l\u2019utilizzo dei cookie.<\/p>\n<p>Segue l\u2019elenco dei cookie di terze parti (tutti gli altri sono cookie tecnici), che <em>lafoodwine.it e\/o lafoodwine.com<\/em> potr\u00e0 archiviare sul Suo computer per fornire prodotti, informazioni ed erogare servizi:<\/p>\n<p><strong>\u00a0<\/strong><strong>Fonte: facebook.com<\/strong><\/p>\n<p><strong>Scopo:<\/strong> Cookie di selezione contenuti Facebook<\/p>\n<p><strong>Informazioni:<\/strong> <a href=\"https:\/\/it-it.facebook.com\/help\/cookies\/\">https:\/\/it-it.facebook.com\/help\/cookies\/<\/a><\/p>\n<p>Si prega di notare che quando Lei visita il Sito, terze parti quali reti pubblicitarie, agenzie pubblicitarie, inserzionisti e fornitori di segmenti per il pubblico, potranno impostare ed accedere a cookie, web beacon, Flash cookie e altre tecnologie sul Suo computer.<\/p>\n<p><strong>Cookie di prima parte. <\/strong>Possiamo inviare cookie di <em>lafoodbeer.it e\/o lafoodbeer.com <\/em>sul Suo dispositivo tramite il nostro Sito. I cookie di <em>lafoodbeer.it e\/o lafoodbeer.com <\/em>che inviamo sono definiti qui cookie di prima parte. I cookie di prima parte sono cookie che appartengono al Sito che li ha creati. L\u2019utilizzo di tali cookie ci permette di far funzionare il Sito in modo efficiente e fornire i nostri servizi.<\/p>\n<p>In questo Sito tutti i cookie di prima parte, nessuno escluso, sono cookie tecnici.<br \/>\n\u00c8 possibile modificare o cancellare tali cookie tramite il browser di navigazione in uso seguendo le istruzioni fornite nella guida del Suo browser. Le guide ad alcuni dei browser pi\u00f9 comuni si trovano ai seguenti indirizzi: <a href=\"https:\/\/support.google.com\/chrome\/answer\/95647?hl=it&amp;p=cpn_cookies\">Google Chrome<\/a>, <a href=\"https:\/\/support.mozilla.org\/it\/kb\/Attivare%20e%20disattivare%20i%20cookie?redirectlocale=en-US&amp;redirectslug=Enabling+and+disabling+cookies\">Mozilla Firefox<\/a>, <a href=\"https:\/\/support.apple.com\/kb\/PH19214?viewlocale=it_IT&amp;locale=en_US\">Apple Safari<\/a> e <a href=\"http:\/\/windows.microsoft.com\/it-it\/windows-vista\/block-or-allow-cookies\">Microsoft Windows Explorer<\/a>.<\/p>\n<p><strong>Cookie di terze parti. <\/strong>Consentiamo anche a terzi di inviare cookie sul Suo dispositivo. La differenza tra un cookie di prima parte e un cookie di terzi riguarda il controllo da parte del soggetto che invia il cookie. Anche se consentiamo a terzi di accedere al Sito per inviare i cookie sul dispositivo dell\u2019utente, non abbiamo il controllo sulle informazioni fornite dai cookie e non abbiamo accesso a tali dati. Queste informazioni sono controllate totalmente da terzi.<\/p>\n<p>Alcuni cookie di terze parti, sono cookie statistici. Essi raccolgono informazioni sulle modalit\u00e0 di impiego del sito Web da parte dell\u2019utente, ad esempio: quali pagine vengono visitate e gli errori che \u00e8 possibile riscontrare. Tali cookie vengono utilizzati per aiutarci a migliorare il funzionamento del Sito e comprendere gli interessi degli utenti.<\/p>\n<p>In conclusione essi ci servono a: ottenere statistiche sulle modalit\u00e0 di utilizzo del Sito; contribuire al miglioramento del Sito grazie alla misurazione degli eventuali errori che si verificano. Nei casi opportunamente indicati, si tratta di cookie utilizzati al fine di inviare messaggi pubblicitari in linea con le preferenze manifestate dall\u2019utente nell\u2019ambito della navigazione in rete. Tali cookie sono detti cookie di profilazione e possono essere erogati tramite il nostro sito esclusivamente da terze parti. Le aziende che offrono o pubblicizzano i propri prodotti tramite questo sito potrebbero assegnare cookie ai terminali degli utenti. Le categorie di cookie utilizzate e il tipo di trattamento di dati personali da parte di queste aziende sono regolati in conformit\u00e0 alle informative rese da queste aziende.<\/p>\n<p>L\u2019utente, per determinati cookie, tutti di terze parti, pu\u00f2 negare il consenso all\u2019utilizzo dei Suoi dati personali, visitando il sito web di <a href=\"http:\/\/www.youronlinechoices.com\/it\/le-tue-scelte\">YourOnlineChoices<\/a>. Eventualmente ricever\u00e0 comunque annunci pubblicitari che non sono personalizzati in base ai Suoi interessi personali.<\/p>\n<p>L\u2019utente pu\u00f2 disabilitare in modo selettivo l\u2019azione di Google Analytics installando sul proprio browser la componente opt-out fornita da Google. Per disabilitare l\u2019azione di Google Analytics, si rinvia al link di seguito indicato: <a href=\"https:\/\/tools.google.com\/dlpage\/gaoptout\">https:\/\/tools.google.com\/dlpage\/gaoptout<\/a>.<\/p>\n<p>Pu\u00f2 scegliere in qualsiasi momento di disabilitare o cancellare i cookie di terze parti direttamente nel browser di navigazione in uso seguendo le istruzioni fornite nella guida del Suo browser. Le guide ad alcuni dei browser pi\u00f9 comuni si trovano ai seguenti indirizzi: <a href=\"https:\/\/support.google.com\/chrome\/answer\/95647?hl=it&amp;p=cpn_cookies\">Google Chrome<\/a>, <a href=\"https:\/\/support.mozilla.org\/it\/kb\/Attivare%20e%20disattivare%20i%20cookie?redirectlocale=en-US&amp;redirectslug=Enabling+and+disabling+cookies\">Mozilla Firefox<\/a>, <a href=\"https:\/\/support.apple.com\/kb\/PH19214?viewlocale=it_IT&amp;locale=en_US\">Apple Safari<\/a> e <a href=\"http:\/\/windows.microsoft.com\/it-it\/windows-vista\/block-or-allow-cookies\">Microsoft Windows Explorer<\/a>.<\/p>\n<p>Attraverso le informazioni e gli strumenti indicati nella presente informativa Cookie \u00e8 dunque possibile disabilitare, cancellare o negare il consenso all\u2019uso di qualsiasi cookie.<\/p>\n<p>&nbsp;<\/p>\n<p><strong><u>Approfondimento sui Cookie<\/u><\/strong><\/p>\n<p>I cookie sono piccoli frammenti di informazioni archiviati in file all\u2019interno del browser in uso dell\u2019utente. I siti web possono accedere esclusivamente ai cookie che hanno archiviato sul Suo computer. Per esempio, se Google archivia un cookie sul Suo browser, Google potr\u00e0 accedere al proprio cookie, ma non a quello di un\u2019azienda diversa.<\/p>\n<p><em>lafoodbeer.it e\/o lafoodbeer.com <\/em>potrebbe utilizzare i cookie per i seguenti scopi:<\/p>\n<ul>\n<li>per riconoscere che il Suo browser ha gi\u00e0 visitato il Sito, e registrare e ricordare qualsiasi preferenza che possa essere stata impostata mentre il Suo browser ha visitato il Sito. Per esempio, <em>lafood.it <\/em>potrebbe salvare le Sue informazioni di accesso, in modo che l\u2019utente non debba effettuare la procedura di accesso ogni volta che accede al sito;<\/li>\n<li>per personalizzare i contenuti e le pubblicit\u00e0 che l\u2019utente visualizza quando visita il Sito;<\/li>\n<li>per misurare e ricercare l\u2019efficacia dei contenuti interattivi online, delle funzionalit\u00e0, delle inserzioni pubblicitarie e di altre comunicazioni;<\/li>\n<li>per analizzare il Sito e il suo utilizzo e per migliorare i servizi del Sito.<\/li>\n<\/ul>\n<p><strong><u>Opzioni di esclusione<\/u><\/strong><\/p>\n<p>Per determinati cookie, per opporsi al trattamento dei Suoi dati personali per consentirci di proporLe pubblicit\u00e0 comportamentale o di raccogliere dati statistici, pu\u00f2 impostare il relativo cookie di esclusione della pubblicit\u00e0 visitando il Sito <a href=\"http:\/\/www.youronlinechoices.com\/it\/le-tue-scelte\/\">http:\/\/www.youronlinechoices.com\/it\/le-tue-scelte\/<\/a> e seguendo le istruzioni ivi fornite.<\/p>\n<p>Si prega di notare che, anche in caso di esercizio del diritto di opposizione, potrebbe ricevere comunque inserzioni pubblicitarie, anche se non pi\u00f9 annunci personalizzati in base ai Suoi interessi.<\/p>\n<p>Se in futuro dovesse cancellare i cookie, dovr\u00e0 esercitare nuovamente il diritto di opposizione. Dovr\u00e0 esercitare nuovamente il diritto di opposizione anche se utilizza un browser di navigazione diverso.<\/p>\n<p>L\u2019utente pu\u00f2 disabilitare in modo selettivo l\u2019azione di Google Analytics installando sul proprio browser la componente opt-out fornita da Google. Per disabilitare l\u2019azione di Google Analytics, si rinvia al link di seguito indicato: <a href=\"https:\/\/tools.google.com\/dlpage\/gaoptout\">https:\/\/tools.google.com\/dlpage\/gaoptout<\/a>.<\/p>\n<p>Pu\u00f2 gestire i cookie anche direttamente tramite i controlli del browser di navigazione in uso. Per ulteriori informazioni su come cancellare e controllare i cookie dal suo brower pu\u00f2 rivolgersi ai seguenti indirizzi: <a href=\"https:\/\/support.google.com\/chrome\/answer\/95647?hl=it&amp;p=cpn_cookies\">Google Chrome<\/a>, <a href=\"https:\/\/support.mozilla.org\/it\/kb\/Attivare%20e%20disattivare%20i%20cookie?redirectlocale=en-US&amp;redirectslug=Enabling+and+disabling+cookies\">Mozilla Firefox<\/a>, <a href=\"https:\/\/support.apple.com\/kb\/PH19214?viewlocale=it_IT&amp;locale=en_US\">Apple Safari<\/a> e <a href=\"http:\/\/windows.microsoft.com\/it-it\/windows-vista\/block-or-allow-cookies\">Microsoft Windows Explorer<\/a>.<\/p>\n<p>Attraverso le informazioni e gli strumenti indicati nella presente informativa Cookie \u00e8 dunque possibile disabilitare, cancellare o negare il consenso all\u2019uso di qualsiasi cookie.<\/p>\n<p><strong><u>Ulteriori informazioni sul trattamento dei dati<\/u><\/strong><\/p>\n<p>Per ulteriori informazioni sul trattamento dei dati personali si pu\u00f2 consultare l\u2019informativa Privacy del Sito a questo indirizzo: <a href=\"http:\/\/lafoodwine.com\/privacy-policy\/\">http:\/\/lafoodbeer.it\/privacy-policy<\/a>. L\u2019utilizzo dei cookie e la compilazione della presente informativa sui Cookie avvengono in ottemperanza al <a href=\"http:\/\/garanteprivacy.it\/web\/guest\/home\/docweb\/-\/docweb-display\/docweb\/3118884\">http:\/\/garanteprivacy.it\/web\/guest\/home\/docweb\/-\/docweb-display\/docweb\/3118884<\/a><\/p>\n<p>&nbsp;<\/p>\n<p>Ultima modifica del 16\/02\/2022[\/vc_column_text][\/vc_column][\/vc_row]<\/p>\n<\/div>","protected":false},"excerpt":{"rendered":"<p>[vc_row css=&#8221;.vc_custom_1594306787601{margin-top: 50px !important;}&#8221;][vc_column][vc_column_text css=&#8221;.vc_custom_1645030244233{padding-top: 20px !important;}&#8221;]Titolare e responsabile del trattamento In osservanza di quanto statuito dal Reg. UE 2016\/ 679, dal precedente D.lgs. 30 giugno 2003 n.196 (artt.13 e 122), nonch\u00e9 da quanto previsto dal Provvedimento generale del Garante privacy dell\u20198 maggio 2014, la&#8230;<\/p>\n","protected":false},"author":1,"featured_media":0,"parent":0,"menu_order":0,"comment_status":"closed","ping_status":"closed","template":"","meta":{"footnotes":""},"_links":{"self":[{"href":"https:\/\/lafoodwine.com\/en\/wp-json\/wp\/v2\/pages\/7627"}],"collection":[{"href":"https:\/\/lafoodwine.com\/en\/wp-json\/wp\/v2\/pages"}],"about":[{"href":"https:\/\/lafoodwine.com\/en\/wp-json\/wp\/v2\/types\/page"}],"author":[{"embeddable":true,"href":"https:\/\/lafoodwine.com\/en\/wp-json\/wp\/v2\/users\/1"}],"replies":[{"embeddable":true,"href":"https:\/\/lafoodwine.com\/en\/wp-json\/wp\/v2\/comments?post=7627"}],"version-history":[{"count":0,"href":"https:\/\/lafoodwine.com\/en\/wp-json\/wp\/v2\/pages\/7627\/revisions"}],"wp:attachment":[{"href":"https:\/\/lafoodwine.com\/en\/wp-json\/wp\/v2\/media?parent=7627"}],"curies":[{"name":"wp","href":"https:\/\/api.w.org\/{rel}","templated":true}]}}