{"id":9770,"date":"2022-04-27T18:31:23","date_gmt":"2022-04-27T16:31:23","guid":{"rendered":"https:\/\/lafoodwine.com\/wood-selection\/"},"modified":"2022-04-27T18:31:23","modified_gmt":"2022-04-27T16:31:23","slug":"wood-selection","status":"publish","type":"page","link":"https:\/\/lafoodwine.com\/pt-br\/wood-selection\/","title":{"rendered":"Wood selection"},"content":{"rendered":"<div class=\"wpb-content-wrapper\"><p>[vc_row css=&#8221;.vc_custom_1595413094493{margin-top: 50px !important;padding-top: 50px !important;padding-bottom: 50px !important;}&#8221;][vc_column width=&#8221;1\/3&#8243;][vc_single_image image=&#8221;9673&#8243; img_size=&#8221;full&#8221;]<a href=\"\/documenti\/Company_Profile_OakPassion_Ita.pdf\" target=\"_blank\" style=\"background-color: #c5b18f;font-size: 16px;font-weight: 500\" class=\"edgtf-btn edgtf-btn-large edgtf-btn-solid edgtf-btn-hover-blink\"  >\n    <span class=\"edgtf-btn-text\">Presentazione pdf<\/span>\n    <\/a>[vc_column_text css=&#8221;.vc_custom_1595413483673{padding-top: 20px !important;}&#8221;]<\/p>\n<p style=\"text-align: left;\"><strong>Marca do Grupo Lafood S.r.l.<\/strong><\/p>\n<p>[\/vc_column_text][\/vc_column][vc_column width=&#8221;2\/3&#8243;][vc_column_text css=&#8221;.vc_custom_1595413704790{padding-top: 20px !important;}&#8221;]<strong>O Projeto OakPassion\u00ae nasceu da uni\u00e3o das experi\u00eancias profissionais de produtores de madeira especializados para vinifica\u00e7\u00e3o e bebidas alco\u00f3licas, com atua\u00e7\u00e3o na Europa, EUA e Am\u00e9rica do Sul. <\/strong><\/p>\n<p>A nossa &#8220;Paix\u00e3o pela Excel\u00eancia&#8221; j\u00e1 come\u00e7a pela grande aten\u00e7\u00e3o \u00e0 sele\u00e7\u00e3o de madeiras compactas e estruturadas, caracter\u00edsticas fundamentais para a cria\u00e7\u00e3o de produtos de &#8220;alta qualidade&#8221;. Depois de cuidadosamente selecionada, a madeira \u00e9 deixada para amadurecer por at\u00e9 36 meses ao ar livre, aumentando assim seu potencial arom\u00e1tico.<\/p>\n<p>Damos especial aten\u00e7\u00e3o ao processo de tempero, o tempo e os m\u00e9todos de envelhecimento natural da madeira afetam substancialmente a quantidade de componentes antioxidantes dispon\u00edveis e aumentam a sua facilidade de extra\u00e7\u00e3o.<br \/>\nA garantia de qualidade OakPassion\u00ae decorre do cumprimento de par\u00e2metros rigorosos que nos permitem fornecer aos clientes mais exigentes uma extensa documenta\u00e7\u00e3o sobre a origem.[\/vc_column_text][\/vc_column][\/vc_row][vc_row css=&#8221;.vc_custom_1593702675615{padding-top: 60px !important;padding-bottom: 60px !important;}&#8221;][vc_column]<div class = \"edgtf-portfolio-list-holder-outer edgtf-ptf-masonry edgtf-ptf-hover-trim\" data-next-page= \"2\" data-type= \"masonry\" data-columns= \"3\" data-grid-size= \"three\" data-order-by= \"date\" data-order= \"ASC\" data-number= \"-1\" data-image-size= \"full\" data-hover-type= \"trim\" data-filter= \"no\" data-filter-order-by= \"name\" data-category= \"wood-selection\" data-show-more= \"none\" data-title-tag= \"h4\" data-max-num-pages = 0><div class = \"edgtf-portfolio-list-holder clearfix\" ><div class=\"edgtf-portfolio-list-masonry-grid-sizer\"><\/div><div class=\"edgtf-portfolio-list-masonry-grid-gutter\"><\/div><p>Sorry, no posts matched your criteria.<\/p><\/div><\/div>[\/vc_column][\/vc_row]<\/p>\n<\/div>","protected":false},"excerpt":{"rendered":"<p>[vc_row css=&#8221;.vc_custom_1595413094493{margin-top: 50px !important;padding-top: 50px !important;padding-bottom: 50px !important;}&#8221;][vc_column width=&#8221;1\/3&#8243;][vc_single_image image=&#8221;9673&#8243; img_size=&#8221;full&#8221;][vc_column_text css=&#8221;.vc_custom_1595413483673{padding-top: 20px !important;}&#8221;] Marca do Grupo Lafood S.r.l. [\/vc_column_text][\/vc_column][vc_column width=&#8221;2\/3&#8243;][vc_column_text css=&#8221;.vc_custom_1595413704790{padding-top: 20px !important;}&#8221;]O Projeto OakPassion\u00ae nasceu da uni\u00e3o das experi\u00eancias profissionais de produtores de madeira especializados para vinifica\u00e7\u00e3o e bebidas alco\u00f3licas, com atua\u00e7\u00e3o na&#8230;<\/p>\n","protected":false},"author":1,"featured_media":0,"parent":0,"menu_order":0,"comment_status":"closed","ping_status":"closed","template":"","meta":{"footnotes":""},"_links":{"self":[{"href":"https:\/\/lafoodwine.com\/pt-br\/wp-json\/wp\/v2\/pages\/9770"}],"collection":[{"href":"https:\/\/lafoodwine.com\/pt-br\/wp-json\/wp\/v2\/pages"}],"about":[{"href":"https:\/\/lafoodwine.com\/pt-br\/wp-json\/wp\/v2\/types\/page"}],"author":[{"embeddable":true,"href":"https:\/\/lafoodwine.com\/pt-br\/wp-json\/wp\/v2\/users\/1"}],"replies":[{"embeddable":true,"href":"https:\/\/lafoodwine.com\/pt-br\/wp-json\/wp\/v2\/comments?post=9770"}],"version-history":[{"count":0,"href":"https:\/\/lafoodwine.com\/pt-br\/wp-json\/wp\/v2\/pages\/9770\/revisions"}],"wp:attachment":[{"href":"https:\/\/lafoodwine.com\/pt-br\/wp-json\/wp\/v2\/media?parent=9770"}],"curies":[{"name":"wp","href":"https:\/\/api.w.org\/{rel}","templated":true}]}}