{"id":9777,"date":"2022-05-04T06:31:17","date_gmt":"2022-05-04T04:31:17","guid":{"rendered":"https:\/\/lafoodwine.com\/planta-e-equipamento\/"},"modified":"2022-05-04T06:31:17","modified_gmt":"2022-05-04T04:31:17","slug":"planta-e-equipamento","status":"publish","type":"page","link":"https:\/\/lafoodwine.com\/pt-br\/planta-e-equipamento\/","title":{"rendered":"Planta e equipamento"},"content":{"rendered":"<div class=\"wpb-content-wrapper\"><p>[vc_row css=&#8221;.vc_custom_1595410191571{margin-top: 50px !important;padding-top: 50px !important;padding-bottom: 50px !important;}&#8221;][vc_column width=&#8221;1\/3&#8243;][vc_gallery type=&#8221;flexslider_slide&#8221; interval=&#8221;5&#8243; images=&#8221;9669,9670&#8243; img_size=&#8221;full&#8221; css_animation=&#8221;fadeIn&#8221;][\/vc_column][vc_column width=&#8221;2\/3&#8243;]<div class=\"edgtf-section-title-holder edgtf-sth-align-left\">\n\t\t\t\t<span class=\"edgtf-section-title\" style=\"font-size: 30px\">\n\t\t\tFAST CONTROL 450 e 900\t\t<\/span>\n\t\t\t\t<span class=\"edgtf-section-border\" style=\"border-color:#ffffff;border-width:0px\"><\/span>\n\t<\/div>[vc_column_text css_animation=&#8221;fadeInRight&#8221; css=&#8221;.vc_custom_1595410550054{padding-bottom: 15px !important;}&#8221;]<strong>SISTEMA DE REHIDRATA\u00c7\u00c3O DE LEVEDURA SECO E PREPARA\u00c7\u00c3O DE PIED DE CUVE EM AUTOM\u00c1TICO<\/strong><\/p>\n<p>A gest\u00e3o do sistema de reidrata\u00e7\u00e3o e prepara\u00e7\u00e3o de pied de cuve \u00e9 realizada em modo autom\u00e1tico. A interven\u00e7\u00e3o manual exigida do operador limita-se \u00e0 liga\u00e7\u00e3o das linhas externas para a transfer\u00eancia do produto.<\/p>\n<p>O funcionamento do sistema \u00e9 gerido e controlado atrav\u00e9s de um ecr\u00e3 t\u00e1ctil, que permite iniciar ou suspender o programa autom\u00e1tico configurado para a reidrata\u00e7\u00e3o, para o esvaziamento das tubagens com \u00e1gua ou para as fases de lavagem.<\/p>\n<p>O software PLC realiza continuamente diagn\u00f3sticos na instrumenta\u00e7\u00e3o de bordo e verifica se todas as opera\u00e7\u00f5es s\u00e3o realizadas de acordo com os par\u00e2metros exigidos. Quaisquer anomalias interceptadas s\u00e3o relatadas na tela com mensagens descritivas.[\/vc_column_text]<a href=\"\/documenti\/Lafood-Tecnologie-Macchinari-FastControl-Ita.pdf\" target=\"_blank\" style=\"color: #ffffff;background-color: #97252c;font-size: 16px;font-weight: 500\" class=\"edgtf-btn edgtf-btn-medium edgtf-btn-solid edgtf-btn-hover-blink\"  >\n    <span class=\"edgtf-btn-text\">Scheda tecnica<\/span>\n    <\/a>[\/vc_column][\/vc_row][vc_row css=&#8221;.vc_custom_1595410191571{margin-top: 50px !important;padding-top: 50px !important;padding-bottom: 50px !important;}&#8221;][vc_column width=&#8221;1\/3&#8243;][vc_gallery type=&#8221;flexslider_slide&#8221; interval=&#8221;5&#8243; images=&#8221;9671&#8243; img_size=&#8221;full&#8221; css_animation=&#8221;fadeIn&#8221;][\/vc_column][vc_column width=&#8221;2\/3&#8243;]<div class=\"edgtf-section-title-holder edgtf-sth-align-left\">\n\t\t\t\t<span class=\"edgtf-section-title\" style=\"font-size: 30px\">\n\t\t\tFAST FLOAT\t\t<\/span>\n\t\t\t\t<span class=\"edgtf-section-border\" style=\"border-color:#ffffff;border-width:0px\"><\/span>\n\t<\/div>[vc_column_text css_animation=&#8221;fadeInRight&#8221; css=&#8221;.vc_custom_1595410544127{padding-bottom: 15px !important;}&#8221;]<strong>SISTEMA DESCONT\u00cdNUO PARA FLOTA\u00c7\u00c3O DE REMONTAGEM OEM<\/strong><\/p>\n<p>A dissolu\u00e7\u00e3o do g\u00e1s ocorre por meio de uma bomba de pressuriza\u00e7\u00e3o, atrav\u00e9s de um cilindro de pressuriza\u00e7\u00e3o de a\u00e7o inoxid\u00e1vel. Desempenha a fun\u00e7\u00e3o fundamental de um dissolvente, ou seja, permite eliminar a agrega\u00e7\u00e3o dos flocos com o g\u00e1s e as part\u00edculas s\u00f3lidas. A planta pode trabalhar com ar ou nitrog\u00eanio.<\/p>\n<p>O sistema est\u00e1 equipado com um painel el\u00e9trico m\u00ednimo.<\/p>\n<p>DISPONIBILIDADE DE FORNECIMENTO<br \/>\n\u2022 Lafood\u00ae Fast Float 50<br \/>\n\u2022 Lafood\u00ae Fast Float 100<br \/>\n\u2022 Lafood\u00ae Fast Float 300<br \/>\n\u2022 Lafood\u00ae Fast Float 500[\/vc_column_text]<a href=\"\/documenti\/Lafood-Tecnologie-Macchinari-FastFloat-Ita.pdf\" target=\"_blank\" style=\"color: #ffffff;background-color: #97252c;font-size: 16px;font-weight: 500\" class=\"edgtf-btn edgtf-btn-medium edgtf-btn-solid edgtf-btn-hover-blink\"  >\n    <span class=\"edgtf-btn-text\">Scheda tecnica<\/span>\n    <\/a>[\/vc_column][\/vc_row]<\/p>\n<\/div>","protected":false},"excerpt":{"rendered":"<p>[vc_row css=&#8221;.vc_custom_1595410191571{margin-top: 50px !important;padding-top: 50px !important;padding-bottom: 50px !important;}&#8221;][vc_column width=&#8221;1\/3&#8243;][vc_gallery type=&#8221;flexslider_slide&#8221; interval=&#8221;5&#8243; images=&#8221;9669,9670&#8243; img_size=&#8221;full&#8221; css_animation=&#8221;fadeIn&#8221;][\/vc_column][vc_column width=&#8221;2\/3&#8243;][vc_column_text css_animation=&#8221;fadeInRight&#8221; css=&#8221;.vc_custom_1595410550054{padding-bottom: 15px !important;}&#8221;]SISTEMA DE REHIDRATA\u00c7\u00c3O DE LEVEDURA SECO E PREPARA\u00c7\u00c3O DE PIED DE CUVE EM AUTOM\u00c1TICO A gest\u00e3o do sistema de reidrata\u00e7\u00e3o e prepara\u00e7\u00e3o de pied de cuve \u00e9&#8230;<\/p>\n","protected":false},"author":1,"featured_media":0,"parent":0,"menu_order":0,"comment_status":"closed","ping_status":"closed","template":"","meta":{"footnotes":""},"_links":{"self":[{"href":"https:\/\/lafoodwine.com\/pt-br\/wp-json\/wp\/v2\/pages\/9777"}],"collection":[{"href":"https:\/\/lafoodwine.com\/pt-br\/wp-json\/wp\/v2\/pages"}],"about":[{"href":"https:\/\/lafoodwine.com\/pt-br\/wp-json\/wp\/v2\/types\/page"}],"author":[{"embeddable":true,"href":"https:\/\/lafoodwine.com\/pt-br\/wp-json\/wp\/v2\/users\/1"}],"replies":[{"embeddable":true,"href":"https:\/\/lafoodwine.com\/pt-br\/wp-json\/wp\/v2\/comments?post=9777"}],"version-history":[{"count":0,"href":"https:\/\/lafoodwine.com\/pt-br\/wp-json\/wp\/v2\/pages\/9777\/revisions"}],"wp:attachment":[{"href":"https:\/\/lafoodwine.com\/pt-br\/wp-json\/wp\/v2\/media?parent=9777"}],"curies":[{"name":"wp","href":"https:\/\/api.w.org\/{rel}","templated":true}]}}